{"id":10,"date":"2025-03-13T13:32:41","date_gmt":"2025-03-13T13:32:41","guid":{"rendered":"https:\/\/procyclistwear.com\/cart\/"},"modified":"2025-05-03T09:07:02","modified_gmt":"2025-05-03T09:07:02","slug":"cart","status":"publish","type":"page","link":"https:\/\/procyclistwear.com\/fr\/cart\/","title":{"rendered":"Chariot"},"content":{"rendered":"<div data-block-name=\"woocommerce\/cart\" class=\"wp-block-woocommerce-cart alignwide is-loading\">\n<div data-block-name=\"woocommerce\/filled-cart-block\" class=\"wp-block-woocommerce-filled-cart-block\">\n<div data-block-name=\"woocommerce\/cart-items-block\" class=\"wp-block-woocommerce-cart-items-block\">\n<div data-block-name=\"woocommerce\/cart-line-items-block\" class=\"wp-block-woocommerce-cart-line-items-block\"><\/div>\n\n\n\n<div data-block-name=\"woocommerce\/cart-cross-sells-block\" class=\"wp-block-woocommerce-cart-cross-sells-block\">\n<h2 class=\"wp-block-heading has-large-font-size\">Vous pourriez \u00eatre int\u00e9ress\u00e9 par...<\/h2>\n\n\n\n<div data-block-name=\"woocommerce\/cart-cross-sells-products-block\" class=\"wp-block-woocommerce-cart-cross-sells-products-block\"><\/div>\n<\/div>\n<\/div>\n\n\n\n<div data-block-name=\"woocommerce\/cart-totals-block\" class=\"wp-block-woocommerce-cart-totals-block\">\n<div data-block-name=\"woocommerce\/cart-order-summary-block\" class=\"wp-block-woocommerce-cart-order-summary-block\">\n<div data-block-name=\"woocommerce\/cart-order-summary-heading-block\" class=\"wp-block-woocommerce-cart-order-summary-heading-block\"><\/div><div data-block-name=\"woocommerce\/cart-order-summary-coupon-form-block\" class=\"wp-block-woocommerce-cart-order-summary-coupon-form-block\"><\/div><div data-block-name=\"woocommerce\/cart-order-summary-totals-block\" class=\"wp-block-woocommerce-cart-order-summary-totals-block\">\n<div data-block-name=\"woocommerce\/cart-order-summary-subtotal-block\" class=\"wp-block-woocommerce-cart-order-summary-subtotal-block\"><\/div>\n<div data-block-name=\"woocommerce\/cart-order-summary-discount-block\" class=\"wp-block-woocommerce-cart-order-summary-discount-block\"><\/div>\n<div data-block-name=\"woocommerce\/cart-order-summary-fee-block\" class=\"wp-block-woocommerce-cart-order-summary-fee-block\"><\/div>\n<div data-block-name=\"woocommerce\/cart-order-summary-shipping-block\" class=\"wp-block-woocommerce-cart-order-summary-shipping-block\"><\/div>\n<div data-block-name=\"woocommerce\/cart-order-summary-taxes-block\" class=\"wp-block-woocommerce-cart-order-summary-taxes-block\"><\/div><\/div>\n<\/div>\n\n\n\n<div data-block-name=\"woocommerce\/cart-express-payment-block\" class=\"wp-block-woocommerce-cart-express-payment-block\"><\/div>\n\n\n\n<div data-block-name=\"woocommerce\/proceed-to-checkout-block\" class=\"wp-block-woocommerce-proceed-to-checkout-block\"><\/div>\n\n\n\n<div data-block-name=\"woocommerce\/cart-accepted-payment-methods-block\" class=\"wp-block-woocommerce-cart-accepted-payment-methods-block\"><\/div>\n<\/div>\n<\/div>\n\n\n\n<div data-block-name=\"woocommerce\/empty-cart-block\" class=\"wp-block-woocommerce-empty-cart-block\">\n<h2 class=\"wp-block-heading has-text-align-center with-empty-cart-icon wc-block-cart__empty-cart__title\">Votre panier est actuellement vide !<\/h2>\n\n\n\n<hr class=\"wp-block-separator has-alpha-channel-opacity is-style-dots\"\/>\n\n\n\n<h2 class=\"wp-block-heading has-text-align-center\">Nouveau en magasin<\/h2>\n\n\n<div data-block-name=\"woocommerce\/product-new\" data-columns=\"4\" data-rows=\"1\" class=\"wc-block-grid wp-block-product-new wp-block-woocommerce-product-new wc-block-product-new has-4-columns\"><ul class=\"wc-block-grid__products\"><li class=\"wc-block-grid__product\">\n\t\t\t\t<a href=\"https:\/\/procyclistwear.com\/fr\/produit\/xintown-breathable-anti-sweat-short-sleeve-cycling-sets-clothes-jerseys-bib-shorts-bike-ropa-ciclismo-bicycle-fengsuhei\/\" class=\"wc-block-grid__product-link\">\n\t\t\t\t\t\n\t\t\t\t\t<div class=\"wc-block-grid__product-image\"><img fetchpriority=\"high\" decoding=\"async\" width=\"420\" height=\"417\" src=\"https:\/\/i0.wp.com\/procyclistwear.com\/wp-content\/uploads\/2026\/03\/1B2F45B58EF0D9738C9E8FA53EB3800B.png?resize=420%2C417&amp;ssl=1\" class=\"attachment-woocommerce_thumbnail size-woocommerce_thumbnail\" alt=\"XINTOWN Men&#039;s Short Sleeve Breathable Jersey + Padded Bib Shorts with pockets Cycling set\" srcset=\"https:\/\/i0.wp.com\/procyclistwear.com\/wp-content\/uploads\/2026\/03\/1B2F45B58EF0D9738C9E8FA53EB3800B.png?resize=150%2C150&amp;ssl=1 150w, https:\/\/i0.wp.com\/procyclistwear.com\/wp-content\/uploads\/2026\/03\/1B2F45B58EF0D9738C9E8FA53EB3800B.png?resize=420%2C417&amp;ssl=1 420w, https:\/\/i0.wp.com\/procyclistwear.com\/wp-content\/uploads\/2026\/03\/1B2F45B58EF0D9738C9E8FA53EB3800B.png?resize=100%2C100&amp;ssl=1 100w\" sizes=\"(max-width: 420px) 100vw, 420px\" \/><\/div>\n\t\t\t\t\t<div class=\"wc-block-grid__product-title\">XINTOWN Hommes Maillot manches courtes respirant + Cuissard \u00e0 bretelles rembourr\u00e9 avec poches Ensemble cycliste<\/div>\n\t\t\t\t<\/a>\n\t\t\t\t<div class=\"wc-block-grid__product-price price\"><span class=\"woocommerce-Price-amount amount\">59&nbsp;<span class=\"woocommerce-Price-currencySymbol\">\u20ac<\/span><\/span><\/div>\n\t\t\t\t\n\t\t\t\t<div class=\"wp-block-button wc-block-grid__product-add-to-cart\"><a href=\"https:\/\/procyclistwear.com\/fr\/produit\/xintown-breathable-anti-sweat-short-sleeve-cycling-sets-clothes-jerseys-bib-shorts-bike-ropa-ciclismo-bicycle-fengsuhei\/\" aria-label=\"S\u00e9lectionner les options pour \u201cXINTOWN Men&#039;s Short Sleeve Breathable Jersey + Padded Bib Shorts with pockets Cycling set\u201d\" data-quantity=\"1\" data-product_id=\"9914\" data-product_sku=\"\" data-price=\"59\" rel=\"nofollow\" class=\"wp-block-button__link  add_to_cart_button\" data-no-translation=\"\" data-trp-gettext=\"\" data-no-translation-aria-label=\"\">Choix des options<\/a><\/div>\n\t\t\t<\/li><li class=\"wc-block-grid__product\">\n\t\t\t\t<a href=\"https:\/\/procyclistwear.com\/fr\/produit\/sidebike-sd029-road-unlocked-cycling-shoes-ultra-light-breathable\/\" class=\"wc-block-grid__product-link\">\n\t\t\t\t\t\n\t\t\t\t\t<div class=\"wc-block-grid__product-image\"><img decoding=\"async\" width=\"420\" height=\"420\" src=\"https:\/\/i0.wp.com\/procyclistwear.com\/wp-content\/uploads\/2026\/03\/Sb03fbd2262474b9d9e2c2deda27e57b50.webp?resize=420%2C420&amp;ssl=1\" class=\"attachment-woocommerce_thumbnail size-woocommerce_thumbnail\" alt=\"SPD Cycling Shoes + FREE Cleats Men - Sidebike ultra light &amp; breathable - Look cleats compatible\" srcset=\"https:\/\/i0.wp.com\/procyclistwear.com\/wp-content\/uploads\/2026\/03\/Sb03fbd2262474b9d9e2c2deda27e57b50.webp?w=1200&amp;ssl=1 1200w, https:\/\/i0.wp.com\/procyclistwear.com\/wp-content\/uploads\/2026\/03\/Sb03fbd2262474b9d9e2c2deda27e57b50.webp?resize=300%2C300&amp;ssl=1 300w, https:\/\/i0.wp.com\/procyclistwear.com\/wp-content\/uploads\/2026\/03\/Sb03fbd2262474b9d9e2c2deda27e57b50.webp?resize=1024%2C1024&amp;ssl=1 1024w, https:\/\/i0.wp.com\/procyclistwear.com\/wp-content\/uploads\/2026\/03\/Sb03fbd2262474b9d9e2c2deda27e57b50.webp?resize=150%2C150&amp;ssl=1 150w, https:\/\/i0.wp.com\/procyclistwear.com\/wp-content\/uploads\/2026\/03\/Sb03fbd2262474b9d9e2c2deda27e57b50.webp?resize=768%2C768&amp;ssl=1 768w, https:\/\/i0.wp.com\/procyclistwear.com\/wp-content\/uploads\/2026\/03\/Sb03fbd2262474b9d9e2c2deda27e57b50.webp?resize=1000%2C1000&amp;ssl=1 1000w, https:\/\/i0.wp.com\/procyclistwear.com\/wp-content\/uploads\/2026\/03\/Sb03fbd2262474b9d9e2c2deda27e57b50.webp?resize=230%2C230&amp;ssl=1 230w, https:\/\/i0.wp.com\/procyclistwear.com\/wp-content\/uploads\/2026\/03\/Sb03fbd2262474b9d9e2c2deda27e57b50.webp?resize=350%2C350&amp;ssl=1 350w, https:\/\/i0.wp.com\/procyclistwear.com\/wp-content\/uploads\/2026\/03\/Sb03fbd2262474b9d9e2c2deda27e57b50.webp?resize=480%2C480&amp;ssl=1 480w, https:\/\/i0.wp.com\/procyclistwear.com\/wp-content\/uploads\/2026\/03\/Sb03fbd2262474b9d9e2c2deda27e57b50.webp?resize=420%2C420&amp;ssl=1 420w, https:\/\/i0.wp.com\/procyclistwear.com\/wp-content\/uploads\/2026\/03\/Sb03fbd2262474b9d9e2c2deda27e57b50.webp?resize=800%2C800&amp;ssl=1 800w, https:\/\/i0.wp.com\/procyclistwear.com\/wp-content\/uploads\/2026\/03\/Sb03fbd2262474b9d9e2c2deda27e57b50.webp?resize=100%2C100&amp;ssl=1 100w\" sizes=\"(max-width: 420px) 100vw, 420px\" \/><\/div>\n\t\t\t\t\t<div class=\"wc-block-grid__product-title\">SPD Cycling Shoes + FREE Cleats Men &#8211; Sidebike ultra light &amp; breathable &#8211; Look cleats compatible<\/div>\n\t\t\t\t<\/a>\n\t\t\t\t<div class=\"wc-block-grid__product-price price\"><span class=\"woocommerce-Price-amount amount\">110&nbsp;<span class=\"woocommerce-Price-currencySymbol\">\u20ac<\/span><\/span><\/div>\n\t\t\t\t\n\t\t\t\t<div class=\"wp-block-button wc-block-grid__product-add-to-cart\"><a href=\"https:\/\/procyclistwear.com\/fr\/produit\/sidebike-sd029-road-unlocked-cycling-shoes-ultra-light-breathable\/\" aria-label=\"S\u00e9lectionner les options pour \u201cSPD Cycling Shoes + FREE Cleats Men - Sidebike ultra light &amp; breathable - Look cleats compatible\u201d\" data-quantity=\"1\" data-product_id=\"9874\" data-product_sku=\"\" data-price=\"110\" rel=\"nofollow\" class=\"wp-block-button__link  add_to_cart_button\" data-no-translation=\"\" data-trp-gettext=\"\" data-no-translation-aria-label=\"\">Choix des options<\/a><\/div>\n\t\t\t<\/li><li class=\"wc-block-grid__product\">\n\t\t\t\t<a href=\"https:\/\/procyclistwear.com\/fr\/produit\/new-summer-cycling-clothing-short-sleeved-top-mountain-road-bike-bike-breathable-quick-drying-sports-short-sleeved-sportswear\/\" class=\"wc-block-grid__product-link\">\n\t\t\t\t\t\n\t\t\t\t\t<div class=\"wc-block-grid__product-image\"><img decoding=\"async\" width=\"420\" height=\"420\" src=\"https:\/\/i0.wp.com\/procyclistwear.com\/wp-content\/uploads\/2026\/03\/O1CN01ZZR4Vs1f0P37kWkAt_2208604713944-0-cib.jpg?resize=420%2C420&amp;ssl=1\" class=\"attachment-woocommerce_thumbnail size-woocommerce_thumbnail\" alt=\"Men&#039;s FUALRNY Summer Cycling Lightweight &amp; Breathable Mountain &amp; Road Bike Jersey\" srcset=\"https:\/\/i0.wp.com\/procyclistwear.com\/wp-content\/uploads\/2026\/03\/O1CN01ZZR4Vs1f0P37kWkAt_2208604713944-0-cib.jpg?w=1200&amp;ssl=1 1200w, https:\/\/i0.wp.com\/procyclistwear.com\/wp-content\/uploads\/2026\/03\/O1CN01ZZR4Vs1f0P37kWkAt_2208604713944-0-cib.jpg?resize=300%2C300&amp;ssl=1 300w, https:\/\/i0.wp.com\/procyclistwear.com\/wp-content\/uploads\/2026\/03\/O1CN01ZZR4Vs1f0P37kWkAt_2208604713944-0-cib.jpg?resize=1024%2C1024&amp;ssl=1 1024w, https:\/\/i0.wp.com\/procyclistwear.com\/wp-content\/uploads\/2026\/03\/O1CN01ZZR4Vs1f0P37kWkAt_2208604713944-0-cib.jpg?resize=150%2C150&amp;ssl=1 150w, https:\/\/i0.wp.com\/procyclistwear.com\/wp-content\/uploads\/2026\/03\/O1CN01ZZR4Vs1f0P37kWkAt_2208604713944-0-cib.jpg?resize=768%2C768&amp;ssl=1 768w, https:\/\/i0.wp.com\/procyclistwear.com\/wp-content\/uploads\/2026\/03\/O1CN01ZZR4Vs1f0P37kWkAt_2208604713944-0-cib.jpg?resize=1000%2C1000&amp;ssl=1 1000w, https:\/\/i0.wp.com\/procyclistwear.com\/wp-content\/uploads\/2026\/03\/O1CN01ZZR4Vs1f0P37kWkAt_2208604713944-0-cib.jpg?resize=230%2C230&amp;ssl=1 230w, https:\/\/i0.wp.com\/procyclistwear.com\/wp-content\/uploads\/2026\/03\/O1CN01ZZR4Vs1f0P37kWkAt_2208604713944-0-cib.jpg?resize=350%2C350&amp;ssl=1 350w, https:\/\/i0.wp.com\/procyclistwear.com\/wp-content\/uploads\/2026\/03\/O1CN01ZZR4Vs1f0P37kWkAt_2208604713944-0-cib.jpg?resize=480%2C480&amp;ssl=1 480w, https:\/\/i0.wp.com\/procyclistwear.com\/wp-content\/uploads\/2026\/03\/O1CN01ZZR4Vs1f0P37kWkAt_2208604713944-0-cib.jpg?resize=420%2C420&amp;ssl=1 420w, https:\/\/i0.wp.com\/procyclistwear.com\/wp-content\/uploads\/2026\/03\/O1CN01ZZR4Vs1f0P37kWkAt_2208604713944-0-cib.jpg?resize=800%2C800&amp;ssl=1 800w, https:\/\/i0.wp.com\/procyclistwear.com\/wp-content\/uploads\/2026\/03\/O1CN01ZZR4Vs1f0P37kWkAt_2208604713944-0-cib.jpg?resize=100%2C100&amp;ssl=1 100w\" sizes=\"(max-width: 420px) 100vw, 420px\" \/><\/div>\n\t\t\t\t\t<div class=\"wc-block-grid__product-title\">Hommes FUALRNY Summer Cycling Lightweight &amp; Breathable Mountain &amp; Road Bike Jersey<\/div>\n\t\t\t\t<\/a>\n\t\t\t\t<div class=\"wc-block-grid__product-price price\"><span class=\"woocommerce-Price-amount amount\">48&nbsp;<span class=\"woocommerce-Price-currencySymbol\">\u20ac<\/span><\/span><\/div>\n\t\t\t\t\n\t\t\t\t<div class=\"wp-block-button wc-block-grid__product-add-to-cart\"><a href=\"https:\/\/procyclistwear.com\/fr\/produit\/new-summer-cycling-clothing-short-sleeved-top-mountain-road-bike-bike-breathable-quick-drying-sports-short-sleeved-sportswear\/\" aria-label=\"S\u00e9lectionner les options pour \u201cMen&#039;s FUALRNY Summer Cycling Lightweight &amp; Breathable Mountain &amp; Road Bike Jersey\u201d\" data-quantity=\"1\" data-product_id=\"9799\" data-product_sku=\"100\" data-price=\"48\" rel=\"nofollow\" class=\"wp-block-button__link  add_to_cart_button\" data-no-translation=\"\" data-trp-gettext=\"\" data-no-translation-aria-label=\"\">Choix des options<\/a><\/div>\n\t\t\t<\/li><li class=\"wc-block-grid__product\">\n\t\t\t\t<a href=\"https:\/\/procyclistwear.com\/fr\/produit\/xintown-mens-sports-compression-pants-stretch-tight-padded-cycling-shorts\/\" class=\"wc-block-grid__product-link\">\n\t\t\t\t\t\n\t\t\t\t\t<div class=\"wc-block-grid__product-image\"><img loading=\"lazy\" decoding=\"async\" width=\"420\" height=\"420\" src=\"https:\/\/i0.wp.com\/procyclistwear.com\/wp-content\/uploads\/2026\/03\/109459F4D3B6B9F9D046CB7C5BE774AF-copy.png?resize=420%2C420&amp;ssl=1\" class=\"attachment-woocommerce_thumbnail size-woocommerce_thumbnail\" alt=\"Men&#039;s XINTOWN Precision Performance Breathable &amp; Lightweight Compression Padded Cycling Shorts\" srcset=\"https:\/\/i0.wp.com\/procyclistwear.com\/wp-content\/uploads\/2026\/03\/109459F4D3B6B9F9D046CB7C5BE774AF-copy.png?resize=150%2C150&amp;ssl=1 150w, https:\/\/i0.wp.com\/procyclistwear.com\/wp-content\/uploads\/2026\/03\/109459F4D3B6B9F9D046CB7C5BE774AF-copy.png?resize=420%2C420&amp;ssl=1 420w, https:\/\/i0.wp.com\/procyclistwear.com\/wp-content\/uploads\/2026\/03\/109459F4D3B6B9F9D046CB7C5BE774AF-copy.png?resize=100%2C100&amp;ssl=1 100w, https:\/\/i0.wp.com\/procyclistwear.com\/wp-content\/uploads\/2026\/03\/109459F4D3B6B9F9D046CB7C5BE774AF-copy.png?zoom=2&amp;resize=420%2C420&amp;ssl=1 840w\" sizes=\"(max-width: 420px) 100vw, 420px\" \/><\/div>\n\t\t\t\t\t<div class=\"wc-block-grid__product-title\">Short de cyclisme XINTOWN Precision Performance Breathable &amp; Lightweight Compression Padded Men's<\/div>\n\t\t\t\t<\/a>\n\t\t\t\t<div class=\"wc-block-grid__product-price price\"><span class=\"woocommerce-Price-amount amount\">52&nbsp;<span class=\"woocommerce-Price-currencySymbol\">\u20ac<\/span><\/span><\/div>\n\t\t\t\t\n\t\t\t\t<div class=\"wp-block-button wc-block-grid__product-add-to-cart\"><a href=\"https:\/\/procyclistwear.com\/fr\/produit\/xintown-mens-sports-compression-pants-stretch-tight-padded-cycling-shorts\/\" aria-label=\"S\u00e9lectionner les options pour \u201cMen&#039;s XINTOWN Precision Performance Breathable &amp; Lightweight Compression Padded Cycling Shorts\u201d\" data-quantity=\"1\" data-product_id=\"9771\" data-product_sku=\"\" data-price=\"52\" rel=\"nofollow\" class=\"wp-block-button__link  add_to_cart_button\" data-no-translation=\"\" data-trp-gettext=\"\" data-no-translation-aria-label=\"\">Choix des options<\/a><\/div>\n\t\t\t<\/li><\/ul><\/div><\/div>\n<\/div>","protected":false},"excerpt":{"rendered":"","protected":false},"author":1,"featured_media":0,"parent":0,"menu_order":0,"comment_status":"closed","ping_status":"closed","template":"","meta":{"_monsterinsights_skip_tracking":false,"_monsterinsights_sitenote_active":false,"_monsterinsights_sitenote_note":"","_monsterinsights_sitenote_category":0,"footnotes":""},"class_list":["post-10","page","type-page","status-publish","hentry"],"yoast_head":"<!-- This site is optimized with the Yoast SEO plugin v27.5 - https:\/\/yoast.com\/product\/yoast-seo-wordpress\/ -->\n<title>Cart - Pro Cyclist Wear<\/title>\n<meta name=\"robots\" content=\"index, follow, max-snippet:-1, max-image-preview:large, max-video-preview:-1\" \/>\n<link rel=\"canonical\" href=\"https:\/\/procyclistwear.com\/fr\/cart\/\" \/>\n<meta property=\"og:locale\" content=\"fr_FR\" \/>\n<meta property=\"og:type\" content=\"article\" \/>\n<meta property=\"og:title\" content=\"Cart - Pro Cyclist Wear\" \/>\n<meta property=\"og:url\" content=\"https:\/\/procyclistwear.com\/fr\/cart\/\" \/>\n<meta property=\"og:site_name\" content=\"Pro Cyclist Wear\" \/>\n<meta property=\"article:publisher\" content=\"https:\/\/www.facebook.com\/profile.php?id=61575003904956\" \/>\n<meta property=\"article:modified_time\" content=\"2025-05-03T09:07:02+00:00\" \/>\n<meta name=\"twitter:card\" content=\"summary_large_image\" \/>\n<meta name=\"twitter:label1\" content=\"Dur\u00e9e de lecture estim\u00e9e\" \/>\n\t<meta name=\"twitter:data1\" content=\"1 minute\" \/>\n<script type=\"application\/ld+json\" class=\"yoast-schema-graph\">{\"@context\":\"https:\\\/\\\/schema.org\",\"@graph\":[{\"@type\":\"WebPage\",\"@id\":\"https:\\\/\\\/procyclistwear.com\\\/cart\\\/\",\"url\":\"https:\\\/\\\/procyclistwear.com\\\/cart\\\/\",\"name\":\"Cart - Pro Cyclist Wear\",\"isPartOf\":{\"@id\":\"https:\\\/\\\/zkk.ccv.mybluehost.me\\\/#website\"},\"datePublished\":\"2025-03-13T13:32:41+00:00\",\"dateModified\":\"2025-05-03T09:07:02+00:00\",\"breadcrumb\":{\"@id\":\"https:\\\/\\\/procyclistwear.com\\\/cart\\\/#breadcrumb\"},\"inLanguage\":\"fr-FR\",\"potentialAction\":[{\"@type\":\"ReadAction\",\"target\":[\"https:\\\/\\\/procyclistwear.com\\\/cart\\\/\"]}]},{\"@type\":\"BreadcrumbList\",\"@id\":\"https:\\\/\\\/procyclistwear.com\\\/cart\\\/#breadcrumb\",\"itemListElement\":[{\"@type\":\"ListItem\",\"position\":1,\"name\":\"Home\",\"item\":\"https:\\\/\\\/procyclistwear.com\\\/\"},{\"@type\":\"ListItem\",\"position\":2,\"name\":\"Cart\"}]},{\"@type\":\"WebSite\",\"@id\":\"https:\\\/\\\/zkk.ccv.mybluehost.me\\\/#website\",\"url\":\"https:\\\/\\\/zkk.ccv.mybluehost.me\\\/\",\"name\":\"Pro Cyclist Wear\",\"description\":\"Spin to Win, Dress to Impress\",\"potentialAction\":[{\"@type\":\"SearchAction\",\"target\":{\"@type\":\"EntryPoint\",\"urlTemplate\":\"https:\\\/\\\/zkk.ccv.mybluehost.me\\\/?s={search_term_string}\"},\"query-input\":{\"@type\":\"PropertyValueSpecification\",\"valueRequired\":true,\"valueName\":\"search_term_string\"}}],\"inLanguage\":\"fr-FR\"}]}<\/script>\n<!-- \/ Yoast SEO plugin. -->","yoast_head_json":{"title":"Cart - Pro Cyclist Wear","robots":{"index":"index","follow":"follow","max-snippet":"max-snippet:-1","max-image-preview":"max-image-preview:large","max-video-preview":"max-video-preview:-1"},"canonical":"https:\/\/procyclistwear.com\/fr\/cart\/","og_locale":"fr_FR","og_type":"article","og_title":"Cart - Pro Cyclist Wear","og_url":"https:\/\/procyclistwear.com\/fr\/cart\/","og_site_name":"Pro Cyclist Wear","article_publisher":"https:\/\/www.facebook.com\/profile.php?id=61575003904956","article_modified_time":"2025-05-03T09:07:02+00:00","twitter_card":"summary_large_image","twitter_misc":{"Dur\u00e9e de lecture estim\u00e9e":"1 minute"},"schema":{"@context":"https:\/\/schema.org","@graph":[{"@type":"WebPage","@id":"https:\/\/procyclistwear.com\/cart\/","url":"https:\/\/procyclistwear.com\/cart\/","name":"Cart - Pro Cyclist Wear","isPartOf":{"@id":"https:\/\/zkk.ccv.mybluehost.me\/#website"},"datePublished":"2025-03-13T13:32:41+00:00","dateModified":"2025-05-03T09:07:02+00:00","breadcrumb":{"@id":"https:\/\/procyclistwear.com\/cart\/#breadcrumb"},"inLanguage":"fr-FR","potentialAction":[{"@type":"ReadAction","target":["https:\/\/procyclistwear.com\/cart\/"]}]},{"@type":"BreadcrumbList","@id":"https:\/\/procyclistwear.com\/cart\/#breadcrumb","itemListElement":[{"@type":"ListItem","position":1,"name":"Home","item":"https:\/\/procyclistwear.com\/"},{"@type":"ListItem","position":2,"name":"Cart"}]},{"@type":"WebSite","@id":"https:\/\/zkk.ccv.mybluehost.me\/#website","url":"https:\/\/zkk.ccv.mybluehost.me\/","name":"Pro Cyclist Wear","description":"Spin to Win, Dress to Impress","potentialAction":[{"@type":"SearchAction","target":{"@type":"EntryPoint","urlTemplate":"https:\/\/zkk.ccv.mybluehost.me\/?s={search_term_string}"},"query-input":{"@type":"PropertyValueSpecification","valueRequired":true,"valueName":"search_term_string"}}],"inLanguage":"fr-FR"}]}},"jetpack_sharing_enabled":true,"_links":{"self":[{"href":"https:\/\/procyclistwear.com\/fr\/wp-json\/wp\/v2\/pages\/10","targetHints":{"allow":["GET"]}}],"collection":[{"href":"https:\/\/procyclistwear.com\/fr\/wp-json\/wp\/v2\/pages"}],"about":[{"href":"https:\/\/procyclistwear.com\/fr\/wp-json\/wp\/v2\/types\/page"}],"author":[{"embeddable":true,"href":"https:\/\/procyclistwear.com\/fr\/wp-json\/wp\/v2\/users\/1"}],"replies":[{"embeddable":true,"href":"https:\/\/procyclistwear.com\/fr\/wp-json\/wp\/v2\/comments?post=10"}],"version-history":[{"count":1,"href":"https:\/\/procyclistwear.com\/fr\/wp-json\/wp\/v2\/pages\/10\/revisions"}],"predecessor-version":[{"id":958,"href":"https:\/\/procyclistwear.com\/fr\/wp-json\/wp\/v2\/pages\/10\/revisions\/958"}],"wp:attachment":[{"href":"https:\/\/procyclistwear.com\/fr\/wp-json\/wp\/v2\/media?parent=10"}],"curies":[{"name":"wp","href":"https:\/\/api.w.org\/{rel}","templated":true}]}}